
{"id":23,"date":"2023-09-10T22:32:01","date_gmt":"2023-09-10T22:32:01","guid":{"rendered":"https:\/\/ejobs.ma\/blog\/?page_id=23"},"modified":"2025-06-27T00:19:20","modified_gmt":"2025-06-26T23:19:20","slug":"mentions-legales","status":"publish","type":"page","link":"https:\/\/ejobs.ma\/blog\/mentions-legales\/","title":{"rendered":"Mentions l\u00e9gales"},"content":{"rendered":"<h2>Identification<\/h2>\n<p>Le blog eMag eJobs est la propri\u00e9t\u00e9 de de la soci\u00e9t\u00e9 OPDITAL SARL<\/p>\n<h2>Conditions d&rsquo;utilisation<\/h2>\n<p>L&rsquo;utilisation du pr\u00e9sent site implique l&rsquo;acceptation pleine et enti\u00e8re des conditions g\u00e9n\u00e9rales d&rsquo;utilisation ci-apr\u00e8s d\u00e9crites. Ces conditions d&rsquo;utilisation sont susceptibles d&rsquo;\u00eatre modifi\u00e9es ou compl\u00e9t\u00e9es \u00e0 tout moment, les utilisateurs du site sont donc invit\u00e9s \u00e0 les consulter de mani\u00e8re r\u00e9guli\u00e8re.<\/p>\n<p>Le pr\u00e9sent site est accessible \u00e0 tout moment aux utilisateurs. L&rsquo;interruption pour maintenance technique peut \u00eatre d\u00e9cid\u00e9e par le directeur de la publication, sans pr\u00e9avis.<\/p>\n<p>Le pr\u00e9sent site est mis \u00e0 jour r\u00e9guli\u00e8rement par le directeur de la publication. De la m\u00eame fa\u00e7on, les mentions l\u00e9gales peuvent \u00eatre modifi\u00e9es \u00e0 tout moment. Elles s&rsquo;imposent \u00e0 l&rsquo;utilisateur qui est invit\u00e9 \u00e0 s&rsquo;y r\u00e9f\u00e9rer le plus souvent possible afin d&rsquo;en prendre connaissance.<\/p>\n<h2>Propri\u00e9t\u00e9 intellectuelle<\/h2>\n<p>L&rsquo;ensemble des contenus du site (textes, images, vid\u00e9os, sons, logos, etc.) sont prot\u00e9g\u00e9s par la l\u00e9gislation en vigueur sur le droit d&rsquo;auteur et la propri\u00e9t\u00e9 intellectuelle. Toute reproduction, repr\u00e9sentation, modification, publication, adaptation de tout ou partie des contenus du site, quel que soit le moyen ou le proc\u00e9d\u00e9 utilis\u00e9, est interdite, sauf autorisation pr\u00e9alable et \u00e9crite de  ejobs.ma<\/p>\n<h2>Cookies<\/h2>\n<p>Le site utilise des cookies, de petits fichiers texte qui sont stock\u00e9s sur votre ordinateur ou votre appareil mobile lorsque vous visitez le site. Les cookies sont utilis\u00e9s pour am\u00e9liorer votre exp\u00e9rience sur le site en enregistrant vos pr\u00e9f\u00e9rences et en vous permettant de vous connecter plus facilement.<\/p>\n<p>Vous pouvez supprimer ou d\u00e9sactiver les cookies en modifiant les param\u00e8tres de votre navigateur. Cependant, si vous choisissez de supprimer ou de d\u00e9sactiver les cookies, vous risquez de ne pas pouvoir utiliser toutes les fonctionnalit\u00e9s du site.<\/p>\n<h2>Responsabilit\u00e9<\/h2>\n<p>Le blog ne saurait \u00eatre tenu responsable des dommages directs ou indirects qui pourraient r\u00e9sulter de l&rsquo;acc\u00e8s au site, de l&rsquo;utilisation du site, des informations y figurant ou de l&rsquo;impossibilit\u00e9 d&rsquo;y acc\u00e9der.<\/p>\n<h2>Liens hypertextes<\/h2>\n<p>Le site peut inclure des liens vers d&rsquo;autres sites internet. Le blog ne saurait \u00eatre tenu responsable du contenu de ces sites internet ni des dommages qui pourraient r\u00e9sulter de leur utilisation.<\/p>\n<h2>Contact<\/h2>\n<p>Pour toute question ou r\u00e9clamation, vous pouvez contacter le blog \u00e0 l&rsquo;adresse \u00e9lectronique\u202f: <a href=\"mailto:blog@ejobs.ma\">blog@ejobs.ma<\/a>.<\/p>\n","protected":false},"excerpt":{"rendered":"<p>Identification Le blog eMag eJobs est la propri\u00e9t\u00e9 de de la soci\u00e9t\u00e9 OPDITAL SARL Conditions d&rsquo;utilisation L&rsquo;utilisation du pr\u00e9sent site implique l&rsquo;acceptation pleine et enti\u00e8re des conditions g\u00e9n\u00e9rales d&rsquo;utilisation ci-apr\u00e8s d\u00e9crites. Ces conditions d&rsquo;utilisation sont susceptibles d&rsquo;\u00eatre modifi\u00e9es ou compl\u00e9t\u00e9es \u00e0 tout moment, les utilisateurs du site sont donc invit\u00e9s \u00e0 les consulter de mani\u00e8re [&hellip;]<\/p>\n","protected":false},"author":3,"featured_media":0,"parent":0,"menu_order":0,"comment_status":"closed","ping_status":"closed","template":"","meta":{"footnotes":""},"class_list":["post-23","page","type-page","status-publish","hentry"],"_links":{"self":[{"href":"https:\/\/ejobs.ma\/blog\/wp-json\/wp\/v2\/pages\/23","targetHints":{"allow":["GET"]}}],"collection":[{"href":"https:\/\/ejobs.ma\/blog\/wp-json\/wp\/v2\/pages"}],"about":[{"href":"https:\/\/ejobs.ma\/blog\/wp-json\/wp\/v2\/types\/page"}],"author":[{"embeddable":true,"href":"https:\/\/ejobs.ma\/blog\/wp-json\/wp\/v2\/users\/3"}],"replies":[{"embeddable":true,"href":"https:\/\/ejobs.ma\/blog\/wp-json\/wp\/v2\/comments?post=23"}],"version-history":[{"count":7,"href":"https:\/\/ejobs.ma\/blog\/wp-json\/wp\/v2\/pages\/23\/revisions"}],"predecessor-version":[{"id":337,"href":"https:\/\/ejobs.ma\/blog\/wp-json\/wp\/v2\/pages\/23\/revisions\/337"}],"wp:attachment":[{"href":"https:\/\/ejobs.ma\/blog\/wp-json\/wp\/v2\/media?parent=23"}],"curies":[{"name":"wp","href":"https:\/\/api.w.org\/{rel}","templated":true}]}}